{"id":73,"date":"2025-12-04T09:59:59","date_gmt":"2025-12-04T09:59:59","guid":{"rendered":"https:\/\/tehnomet.ro\/?page_id=73"},"modified":"2026-04-21T11:41:23","modified_gmt":"2026-04-21T11:41:23","slug":"chizatau","status":"publish","type":"page","link":"https:\/\/tehnomet.ro\/index.php\/investitii\/chizatau\/","title":{"rendered":"Chiz\u0103t\u0103u"},"content":{"rendered":"\n<details class=\"wp-block-details is-layout-flow wp-block-details-is-layout-flow\"><summary><strong>Parc fotovoltaic cu instala\u021bie de stocare CHIZ\u0102TAU<\/strong><\/summary>\n<p><\/p>\n\n\n\n<p><strong>SC BEGA TEHNOMET SA, <\/strong>deruleaz\u0103 \u00een prezent proiectul<strong> \u201eParc fotovoltaic cu instala\u021bie de stocare CHIZ\u0102TAU\u201d cod SMIS 330417<\/strong>, finan\u021bat prin <strong>FONDUL PENTRU MODERNIZARE<\/strong>, Programul cheie 1- Sprijin pentru realizarea de noi centrale electrice \u0219i sisteme de \u00eenc\u0103lzire-r\u0103cire bazate pe surse regenerabile de energie \u0219i pentru realizarea de capacit\u0103\u021bi de stocare a energiei electrice, opera\u021biunea FM_1.1 Sprijin pentru realizarea de noi centrale electrice \u0219i sisteme de \u00eenc\u0103lzire-r\u0103cire bazate pe surse regenerabile de energie.<\/p>\n\n\n\n<p>Contractul de finan\u021bare nr. 1275\/22.10.2025 a fost semnat cu Ministerul Energiei \u00een calitate de Autoritate Na\u021bional\u0103 de Implementare \u0219i gestionare a fondurilor alocate Rom\u00e2niei prin Fondul pentru Modernizare.<\/p>\n\n\n\n<p><strong>Amplasamentul investi\u021biei <\/strong>este \u00een localitatea Chiz\u0103t\u0103u, comuna Belin\u021b, jude\u021bul Timi\u0219.<\/p>\n\n\n\n<p><strong>Obiectivul general<\/strong> al proiectului const\u0103 \u00een realizarea unui parc fotovoltaic cu o putere instalat\u0103 \u00een curent continuu de 2.89 MWp, respectiv 2.25MW \u00een curent alternativ \u0219i cu o capacitate de stocare de de 0.6MWh.<\/p>\n\n\n\n<p><strong>Obiectivele specifice<\/strong>&nbsp;ale proiectului sunt:<\/p>\n\n\n\n<ol class=\"wp-block-list\">\n<li>Realizarea unui parc fotovoltaic cu o putere instalat\u0103 \u00een curent continuu de 2.89MWp, respectiv 2.25MW \u00een curent alternativ \u0219i cu o capacitate de stocare de de 0.6MWh.<\/li>\n\n\n\n<li>Produc\u021bia de energie electric\u0103 de cca 3375.96 MWh pe an (valoare medie pe durata de exploatare de 20 de ani).<\/li>\n\n\n\n<li>Reducerea gazelor cu efect de ser\u0103: sc\u0103derea anual\u0103 estimat\u0103 a gazelor cu efect de ser\u0103 prin dizlocarea din pia\u021ba serviciilor de sistem a participan\u021bilor cu sisteme bazate pe surse conven\u021bionale de energie (motoare sta\u021bionare pe gaz, sau grupuri energetice pe c\u0103rbune) cu circa 2065.75 tone de CO2\/an.<\/li>\n\n\n\n<li>Ob\u021binerea unui ajutor de stat \u00een cuantum de 168,000 Euro\/ MW(curent alternativ) instalat.<\/li>\n<\/ol>\n\n\n\n<p><strong>Descrierea investi\u021biei:<\/strong><br>Se dore\u0219te realizarea unui parc fotovoltaic cu o putere instalat\u0103 \u00een curent continuu de 2.89MWp, respectiv 2.25MW \u00een curent alternativ \u0219i cu o capacitate de stocare de 0.6MWh.<\/p>\n\n\n\n<p><strong>Construc\u021bii \u0219i echipamente parc fotovoltaic<\/strong>:<\/p>\n\n\n\n<ul class=\"wp-block-list\">\n<li>Panouri fotovoltaice monocristaline 600Wp &#8211; 4824 buc<\/li>\n\n\n\n<li>Invertoare 250kW &#8211; 9 buc<\/li>\n\n\n\n<li>Transformator 2500kVA &#8211; 1 buc<\/li>\n\n\n\n<li>Celula 20kV &#8211; 2 buc<\/li>\n\n\n\n<li>Anvelopa 20kV neechipata &#8211; 1 buc<\/li>\n<\/ul>\n\n\n\n<p><strong>Constructii \u0219i echipamente stocare<\/strong>:<\/p>\n\n\n\n<ul class=\"wp-block-list\">\n<li>Container de stocare cu baterii LiFePo4, 600kWh \u2013 1 buc<\/li>\n\n\n\n<li>Invertor bidirectional, 200kW, 800V &#8211; 3 buc<\/li>\n\n\n\n<li>Statie de transformare prefabricata 08\\20kV, transformator 800kVA; &#8211; 1 buc<\/li>\n<\/ul>\n\n\n\n<p>Se vor realiza lucr\u0103ri de instala\u021bii, sistematizare teren, \u00eemprejmuire, platforme betonate, record la SEN.<\/p>\n\n\n\n<p><strong>Indicatori de realizare (program):<\/strong><\/p>\n\n\n\n<ul class=\"wp-block-list\">\n<li>Capacitate nou instalat\u0103 de producere a energiei din surse regenerabile eolian, solar sau hidro\u00a0\u00a0\u00a0\u00a0\u00a0\u00a0 \u00a0\u00a0\u00a0\u00a0\u00a0\u00a0\u00a0 2,25 MW<\/li>\n<\/ul>\n\n\n\n<p><strong>Indicatori de rezultat (program)<\/strong><\/p>\n\n\n\n<ul class=\"wp-block-list\">\n<li>Reducerea gazelor cu efect de ser\u0103: Sc\u0103dere anual\u0103 estimat\u0103 a gazelor cu efect de ser\u0103\u00a0\u00a0\u00a0\u00a0\u00a0\u00a0\u00a0\u00a0\u00a0\u00a0\u00a0\u00a0\u00a0\u00a0\u00a0\u00a0\u00a0\u00a0<\/li>\n<\/ul>\n\n\n\n<p>2.065,75 &nbsp;Echivalent tone de CO2\/an<\/p>\n\n\n\n<ul class=\"wp-block-list\">\n<li>Factorul de capacitate al centralei: 17,13%<\/li>\n\n\n\n<li>Produc\u021bia total\u0103 de energie din surse regenerabile pentru perioada de referin\u021b\u0103: 67.519,20 MWh<\/li>\n\n\n\n<li>Produc\u0163ia medie de energie din surse regenerabile: 3.375,96 MWh \/ an<\/li>\n<\/ul>\n\n\n\n<p><strong>Activit\u0103\u021bile principale<\/strong>&nbsp;ale proiectului sunt:<\/p>\n\n\n\n<ul class=\"wp-block-list\">\n<li>\u00a0Realizarea studiului de fezabilitate, care a stat la baza elabor\u0103rii cererii de finan\u021bare;<\/li>\n\n\n\n<li>Asigurarea serviciilor de management at\u00e2t \u00een perioada de preg\u0103tire\/depunere a cererii de finan\u021bare c\u00e2t \u0219i \u00een perioada de implementare<\/li>\n\n\n\n<li>Realizarea activit\u0103\u021bilor de informare \u0219i publicitate<\/li>\n\n\n\n<li>Realizarea servicilor de audit financiar<\/li>\n\n\n\n<li>Realizarea serviciilor de dirigen\u021bie de \u0219antier<\/li>\n\n\n\n<li>Asigurarea serviciilor SSM<\/li>\n\n\n\n<li><strong>Proiectare \u0219i execu\u021bie parc fotovoltaic<\/strong><\/li>\n\n\n\n<li><strong>Lucr\u0103ri de racordare la SEN<\/strong><\/li>\n<\/ul>\n\n\n\n<p><strong>Valoarea total\u0103 a proiectului \u0219i finan\u021barea prin Fondul pentru Modernizare:<\/strong><br>\u2022 Valoare total\u0103 proiect: 14.803.320,95 lei (inclusiv TVA), 12.463.398,43 lei (f\u0103r\u0103 TVA)<br>\u2022 Valoare eligibil\u0103: 7.848.338,06 lei<br>\u2022 Valoare neeligibil\u0103: 6.954.982,89 lei<br>\u2022 Finan\u021bare nerambursabil\u0103 FM: 1.878.017,40 lei<br>\u2022 Contribu\u021bie proprie beneficiar: 12.925.303,55 lei<br>\u2022 Intensitate finan\u021bare FM: 23,93 %<\/p>\n\n\n\n<p><strong>Durata de implementare:<\/strong><br>Proiectul se implementeaz\u0103 p\u00e2n\u0103 la data de <strong>31.12.2026.<\/strong><\/p>\n\n\n\n<p><strong>Beneficiar proiect\/ Date de contact:<\/strong><br><strong>SC BEGA TEHNOMET SA<\/strong><\/p>\n\n\n\n<p>Municipiul Timi\u015foara, strada Piata General Gheorghe Doma\u0219nean, nr. 11, jude\u021bul Timi\u015f, Rom\u00e2nia, cod po\u0219tal 300693<\/p>\n\n\n\n<p>Ioan Soruica, administrator<\/p>\n\n\n\n<p>Telefon: 0721-554.457<br>Adresa e-mail: <a href=\"mailto:ioan.soruica@bega.ro\">ioan.soruica@bega.ro<\/a><\/p>\n\n\n\n<p>Pagin\u0103 Web: <a href=\"http:\/\/www.tehnomet.ro\">www.tehnomet.ro<\/a><\/p>\n<\/details>\n\n\n\n<div data-wp-interactive=\"core\/file\" class=\"wp-block-file\"><object data-wp-bind--hidden=\"!state.hasPdfPreview\" hidden class=\"wp-block-file__embed\" data=\"https:\/\/tehnomet.ro\/wp-content\/uploads\/2025\/12\/1.-Anunt-achizitie_competitiva-proiectare-si-executie-parc-fotovoltaic-Chizatau-s2.pdf\" type=\"application\/pdf\" style=\"width:100%;height:600px\" aria-label=\"PDF embed\"><\/object><a href=\"https:\/\/tehnomet.ro\/wp-content\/uploads\/2025\/12\/1.-Anunt-achizitie_competitiva-proiectare-si-executie-parc-fotovoltaic-Chizatau-s2.pdf\" class=\"wp-block-file__button wp-element-button\" download>Descarc\u0103 anun\u021b achizi\u021bie<\/a><\/div>\n\n\n\n<div class=\"wp-block-file\"><a href=\"https:\/\/tehnomet.ro\/wp-content\/uploads\/2025\/12\/Arhiva-documente-achizitie-Chizatau-1.zip\" class=\"wp-block-file__button wp-element-button\" download>Descarc\u0103 arhiv\u0103 documente licita\u021bie<\/a><\/div>\n\n\n\n<div class=\"wp-block-buttons is-layout-flex wp-block-buttons-is-layout-flex\"><\/div>\n\n\n\n<div data-wp-interactive=\"core\/file\" class=\"wp-block-file\"><object data-wp-bind--hidden=\"!state.hasPdfPreview\" hidden class=\"wp-block-file__embed\" data=\"https:\/\/tehnomet.ro\/wp-content\/uploads\/2025\/12\/Comunicat-de-presa-la-inceperea-proiectului-Chizatau_04.12.2025.pdf\" type=\"application\/pdf\" style=\"width:100%;height:600px\" aria-label=\"PDF embed\"><\/object><a href=\"https:\/\/tehnomet.ro\/wp-content\/uploads\/2025\/12\/Comunicat-de-presa-la-inceperea-proiectului-Chizatau_04.12.2025.pdf\" class=\"wp-block-file__button wp-element-button\" download>Download<\/a><\/div>\n\n\n\n<p><\/p>\n\n\n\n<p><strong>02.02.2026<\/strong><\/p>\n\n\n\n<p>SC BEGA TEHNOMET SA a semnat \u00een data de 02.02.2026 contractul nr. 1 cu SC MODVIN SRL, cu sediul \u00een Dumbr\u0103vi\u021ba, str Joseph Hayden nr. 30\/B, jude\u021bul Timi\u0219, cod fiscal RO 24472418,&nbsp;pentru asigurarea <strong>serviciilor de proiectare (DTAC \/ PT \/ DE) \u0219i execu\u021bie lucr\u0103ri pentru realizarea obiectivului de investi\u021bii \u201eParc fotovoltaic cu instala\u021bie de stocare CHIZ\u0102TAU\u201d, cod SMIS 330417.<\/strong><\/p>\n\n\n\n<p>Durata contractului este de <strong>10 luni.<\/strong><\/p>\n\n\n\n<p>Valoarea contractului este de <strong>10.022.634,13 lei,<\/strong>&nbsp;la care se adaug\u0103 TVA \u00een valoare de 2.104.753,17 lei.<\/p>\n","protected":false},"excerpt":{"rendered":"<p>02.02.2026 SC BEGA TEHNOMET SA a semnat \u00een data de 02.02.2026 contractul nr. 1 cu SC MODVIN SRL, cu sediul \u00een Dumbr\u0103vi\u021ba, str Joseph Hayden nr. 30\/B, jude\u021bul Timi\u0219, cod fiscal RO 24472418,&nbsp;pentru asigurarea serviciilor de proiectare (DTAC \/ PT \/ DE) \u0219i execu\u021bie lucr\u0103ri pentru realizarea obiectivului de investi\u021bii \u201eParc fotovoltaic cu instala\u021bie de [&hellip;]<\/p>\n","protected":false},"author":1,"featured_media":0,"parent":31,"menu_order":0,"comment_status":"closed","ping_status":"closed","template":"","meta":{"footnotes":""},"class_list":["post-73","page","type-page","status-publish","hentry"],"_links":{"self":[{"href":"https:\/\/tehnomet.ro\/index.php\/wp-json\/wp\/v2\/pages\/73","targetHints":{"allow":["GET"]}}],"collection":[{"href":"https:\/\/tehnomet.ro\/index.php\/wp-json\/wp\/v2\/pages"}],"about":[{"href":"https:\/\/tehnomet.ro\/index.php\/wp-json\/wp\/v2\/types\/page"}],"author":[{"embeddable":true,"href":"https:\/\/tehnomet.ro\/index.php\/wp-json\/wp\/v2\/users\/1"}],"replies":[{"embeddable":true,"href":"https:\/\/tehnomet.ro\/index.php\/wp-json\/wp\/v2\/comments?post=73"}],"version-history":[{"count":15,"href":"https:\/\/tehnomet.ro\/index.php\/wp-json\/wp\/v2\/pages\/73\/revisions"}],"predecessor-version":[{"id":127,"href":"https:\/\/tehnomet.ro\/index.php\/wp-json\/wp\/v2\/pages\/73\/revisions\/127"}],"up":[{"embeddable":true,"href":"https:\/\/tehnomet.ro\/index.php\/wp-json\/wp\/v2\/pages\/31"}],"wp:attachment":[{"href":"https:\/\/tehnomet.ro\/index.php\/wp-json\/wp\/v2\/media?parent=73"}],"curies":[{"name":"wp","href":"https:\/\/api.w.org\/{rel}","templated":true}]}}